{"id":4752,"date":"2025-07-15T07:22:11","date_gmt":"2025-07-15T07:22:11","guid":{"rendered":"http:\/\/www.outgear.us\/?post_type=product&#038;p=4752"},"modified":"2025-07-15T07:22:11","modified_gmt":"2025-07-15T07:22:11","slug":"weaving-vine-three-piece-set","status":"publish","type":"product","link":"https:\/\/www.outgear.us\/index.php\/product\/weaving-vine-three-piece-set\/","title":{"rendered":"Weaving Vine Three Piece Set"},"content":{"rendered":"","protected":false},"excerpt":{"rendered":"<p>2 single chairs+1 table<br \/>\n1. Paint the legs of iron pipes, chairs, and tables, and paint the fixing rings of chairs.<br \/>\n2. Main pipe types: \u00d8 25, \u00d8 16, \u00d8 19<br \/>\n3. Desktop board: whole piece of plastic wood board<br \/>\n4. Weaving Vine: 4.8 * 3mm Elliptical Vine 5. Cushion: Cloth, 180g Polyester Cloth, American Standard Grade 4, Ordinary Waterproof, Seat Cushion: 25D Sponge, 2.5cm Sponge+1.5cm Flat Cotton<\/p>\n","protected":false},"featured_media":4753,"template":"","meta":[],"product_cat":[15],"product_tag":[],"product_brand":[],"class_list":["post-4752","product","type-product","status-publish","has-post-thumbnail","hentry","product_cat-product"],"jetpack_sharing_enabled":true,"_links":{"self":[{"href":"https:\/\/www.outgear.us\/index.php\/wp-json\/wp\/v2\/product\/4752","targetHints":{"allow":["GET"]}}],"collection":[{"href":"https:\/\/www.outgear.us\/index.php\/wp-json\/wp\/v2\/product"}],"about":[{"href":"https:\/\/www.outgear.us\/index.php\/wp-json\/wp\/v2\/types\/product"}],"wp:featuredmedia":[{"embeddable":true,"href":"https:\/\/www.outgear.us\/index.php\/wp-json\/wp\/v2\/media\/4753"}],"wp:attachment":[{"href":"https:\/\/www.outgear.us\/index.php\/wp-json\/wp\/v2\/media?parent=4752"}],"wp:term":[{"taxonomy":"product_cat","embeddable":true,"href":"https:\/\/www.outgear.us\/index.php\/wp-json\/wp\/v2\/product_cat?post=4752"},{"taxonomy":"product_tag","embeddable":true,"href":"https:\/\/www.outgear.us\/index.php\/wp-json\/wp\/v2\/product_tag?post=4752"},{"taxonomy":"product_brand","embeddable":true,"href":"https:\/\/www.outgear.us\/index.php\/wp-json\/wp\/v2\/product_brand?post=4752"}],"curies":[{"name":"wp","href":"https:\/\/api.w.org\/{rel}","templated":true}]}}