{"id":4760,"date":"2025-07-15T07:25:04","date_gmt":"2025-07-15T07:25:04","guid":{"rendered":"http:\/\/www.outgear.us\/?post_type=product&#038;p=4760"},"modified":"2025-07-21T06:47:45","modified_gmt":"2025-07-21T06:47:45","slug":"pulling-rope-three-piece-set","status":"publish","type":"product","link":"https:\/\/www.outgear.us\/index.php\/product\/pulling-rope-three-piece-set\/","title":{"rendered":"Pulling rope three piece set"},"content":{"rendered":"<p><img loading=\"lazy\" decoding=\"async\" class=\"alignnone size-full wp-image-4789\" src=\"http:\/\/www.outgear.us\/wp-content\/uploads\/2025\/07\/2.3.webp\" alt=\"\" width=\"1200\" height=\"800\" \/> <img loading=\"lazy\" decoding=\"async\" class=\"alignnone size-full wp-image-4790\" src=\"http:\/\/www.outgear.us\/wp-content\/uploads\/2025\/07\/2.1.webp\" alt=\"\" width=\"1200\" height=\"800\" \/> <img loading=\"lazy\" decoding=\"async\" class=\"alignnone size-full wp-image-4791\" src=\"http:\/\/www.outgear.us\/wp-content\/uploads\/2025\/07\/2.2.webp\" alt=\"\" width=\"1200\" height=\"800\" srcset=\"https:\/\/www.outgear.us\/wp-content\/uploads\/2025\/07\/2.2.webp 1200w, https:\/\/www.outgear.us\/wp-content\/uploads\/2025\/07\/2.2-300x200.webp 300w\" sizes=\"auto, (max-width: 1200px) 100vw, 1200px\" \/><\/p>\n","protected":false},"excerpt":{"rendered":"<p>2 single chairs+1 table<br \/>\n1. Hand painted process for iron pipes, foot pipes, and fixing rings<br \/>\n2. Main pipe types: \u00d8 22, \u00d8 16, \u00d8 19<br \/>\n3. Desktop board: 5mm black silk screen tempered glass<br \/>\n4. Vine weaving: 5mm round rope 5. Cushion: cloth, 180g polyester cloth, cushion: 8cm upright cotton, waist pillow: PP cotton<\/p>\n","protected":false},"featured_media":4789,"template":"","meta":[],"product_cat":[15],"product_tag":[],"product_brand":[],"class_list":["post-4760","product","type-product","status-publish","has-post-thumbnail","hentry","product_cat-product"],"jetpack_sharing_enabled":true,"_links":{"self":[{"href":"https:\/\/www.outgear.us\/index.php\/wp-json\/wp\/v2\/product\/4760","targetHints":{"allow":["GET"]}}],"collection":[{"href":"https:\/\/www.outgear.us\/index.php\/wp-json\/wp\/v2\/product"}],"about":[{"href":"https:\/\/www.outgear.us\/index.php\/wp-json\/wp\/v2\/types\/product"}],"wp:featuredmedia":[{"embeddable":true,"href":"https:\/\/www.outgear.us\/index.php\/wp-json\/wp\/v2\/media\/4789"}],"wp:attachment":[{"href":"https:\/\/www.outgear.us\/index.php\/wp-json\/wp\/v2\/media?parent=4760"}],"wp:term":[{"taxonomy":"product_cat","embeddable":true,"href":"https:\/\/www.outgear.us\/index.php\/wp-json\/wp\/v2\/product_cat?post=4760"},{"taxonomy":"product_tag","embeddable":true,"href":"https:\/\/www.outgear.us\/index.php\/wp-json\/wp\/v2\/product_tag?post=4760"},{"taxonomy":"product_brand","embeddable":true,"href":"https:\/\/www.outgear.us\/index.php\/wp-json\/wp\/v2\/product_brand?post=4760"}],"curies":[{"name":"wp","href":"https:\/\/api.w.org\/{rel}","templated":true}]}}